{"id":5482,"date":"2025-01-12T20:11:50","date_gmt":"2025-01-12T19:11:50","guid":{"rendered":"https:\/\/www.williamson-electronique.fr\/?post_type=product&#038;p=5482"},"modified":"2025-07-15T15:37:22","modified_gmt":"2025-07-15T13:37:22","slug":"lithium-dioxyde-de-soufre","status":"publish","type":"product","link":"https:\/\/www.williamson-electronique.fr\/en\/product\/lithium-dioxyde-de-soufre\/","title":{"rendered":"Lithium-Dioxyde de Soufre"},"content":{"rendered":"\n<div id=\"block-hero-block_7049fe0c6108974e488b7a368869dd32\" class=\"row  intro_part my-5 py-5 \">\n    <div class=\"col-12 col-xl-8 offset-xl-2 col-lg-10 offset-lg-1\">\n        <h1 class=\"h2 blue xl normal mb-5 text-center\">Lithium-Dioxyde de Soufre (Li-SO2)<\/h1>\n        <div class=\"desc blue text-center\"><p><strong data-start=\"1192\" data-end=\"1244\">Les batteries Lithium-Dioxyde de Soufre (Li-SO\u2082)<\/strong> sont des batteries primaires non rechargeables qui utilisent du dioxyde de soufre dissous dans un \u00e9lectrolyte comme cathode et du lithium m\u00e9tallique comme anode. Elles se distinguent par leur capacit\u00e9 \u00e0 d\u00e9livrer des courants \u00e9lev\u00e9s, leur excellente stabilit\u00e9 en stockage et leur fiabilit\u00e9 dans des conditions extr\u00eames. Ces batteries sont principalement utilis\u00e9es dans les applications militaires, les \u00e9quipements d&#8217;urgence et les dispositifs de communication critiques n\u00e9cessitant une haute puissance instantan\u00e9e.<\/p>\n<\/div>\n        \n    <\/div>\n<\/div>\n\n<div style=\"height:30px\" aria-hidden=\"true\" class=\"wp-block-spacer\"><\/div>\n\n<\/div>\n<div class=\"container-fluid bg-grey media_txt_part\">\n    <div class=\"container media_txt_container\">\n        <div id=\"block-hero-block_b021d46b640a9f208cb8315373bd071f\" class=\"row medialeft block-hero\">\n\t<div class=\"col-12 col-md-5 col-lg-7 order-1 justify-content-center justify-content-md-start d-flex align-items-center\">\n\t\t<div><img decoding=\"async\" src=\"https:\/\/www.williamson-electronique.fr\/wp-content\/uploads\/li-so2-SAFT-680x480.jpg\" alt=\"\" class=\"img-fluid\"><\/div>\t<\/div>\n\t<div class=\"col-12 col-md-7 col-lg-5 d-flex align-items-lg-center order-2 \">\n        <div class=\" content content_normal\">\n\t\t<h2 data-start=\"85\" data-end=\"105\">Caract\u00e9ristiques :<\/h2>\n<ul data-start=\"106\" data-end=\"685\">\n<li data-start=\"182\" data-end=\"209\">\n<p data-start=\"184\" data-end=\"209\">Bonne densit\u00e9 d\u2019\u00e9nergie<\/p>\n<\/li>\n<li data-start=\"210\" data-end=\"253\">\n<p data-start=\"212\" data-end=\"253\">Tension nominale stable autour de 2.8 V<\/p>\n<\/li>\n<li data-start=\"254\" data-end=\"277\">\n<p data-start=\"256\" data-end=\"277\">Faible autod\u00e9charge<\/p>\n<\/li>\n<li data-start=\"278\" data-end=\"324\">\n<p data-start=\"280\" data-end=\"324\">Tr\u00e8s bonne performance \u00e0 basse temp\u00e9rature<\/p>\n<\/li>\n<li data-start=\"325\" data-end=\"374\">\n<p data-start=\"327\" data-end=\"374\">Forte capacit\u00e9 \u00e0 d\u00e9livrer des courants \u00e9lev\u00e9s<\/p>\n<\/li>\n<li data-start=\"375\" data-end=\"437\">\n<p data-start=\"377\" data-end=\"437\">Adapt\u00e9e aux applications n\u00e9cessitant puissance et r\u00e9activit\u00e9<\/p>\n<\/li>\n<li>Exemple : SAFT LO26SXC<\/li>\n<\/ul>\n\t\t        <\/div>\n\t<\/div>\n<\/div>\n    <\/div>\n<\/div>\n<div class=\"container\">\n\n\n\n<div style=\"height:100px\" aria-hidden=\"true\" class=\"wp-block-spacer\"><\/div>\n\n<div class=\"wp-block-columns is-layout-flex wp-container-core-columns-is-layout-9d6595d7 wp-block-columns-is-layout-flex\">\n<div class=\"wp-block-column is-layout-flow wp-block-column-is-layout-flow\"><div class=\"row\"><div class=\"col-12 col-xl-10 offset-xl-1  heading\">\n<h3 class=\"wp-block-heading\">Produits<\/h3>\n<\/div><\/div>\n\n<div class=\"row\"><div class=\"col-12 col-xl-10 offset-xl-1 paragraph\">\n<p>Williamson Electronique met \u00e0 votre disposition un catalogue de packs standards con\u00e7us pour diverses applications industrielles. Si l\u2019un de ces mod\u00e8les correspond \u00e0 vos besoins, vous pouvez consulter sa fiche technique (datasheet) et nous contacter pour plus d\u2019informations.<\/p>\n<\/div><\/div>\n\n<div class=\"row\"><div class=\"col-12 col-xl-10 offset-xl-1  buttons\">\n<div class=\"wp-block-buttons is-content-justification-center is-layout-flex wp-container-core-buttons-is-layout-16018d1d wp-block-buttons-is-layout-flex\">\n<div class=\"wp-block-button\"><a class=\"wp-block-button__link wp-element-button\" href=\"https:\/\/www.williamson-electronique.fr\/en\/product\/lithium-dioxyde-de-soufre\/#cellules\">Catalogue<\/a><\/div>\n<\/div>\n<\/div><\/div><\/div>\n\n\n\n<div class=\"wp-block-column is-layout-flow wp-block-column-is-layout-flow\"><div class=\"row\"><div class=\"col-12 col-xl-10 offset-xl-1  heading\">\n<h3 class=\"wp-block-heading\">Conception<\/h3>\n<\/div><\/div>\n\n<div class=\"row\"><div class=\"col-12 col-xl-10 offset-xl-1 paragraph\">\n<p>Williamson Electronique vous accompagne de l&#8217;\u00e9tablissement de votre cahier des charges au prototypage de votre pack afin de vous proposer la solution produit ad\u00e9quate pour votre application. Vous pouvez ici consulter les cellules assembl\u00e9es et configurer votre produit.<\/p>\n<\/div><\/div>\n\n<div class=\"row\"><div class=\"col-12 col-xl-10 offset-xl-1  buttons\">\n<div class=\"wp-block-buttons is-content-justification-center is-layout-flex wp-container-core-buttons-is-layout-16018d1d wp-block-buttons-is-layout-flex\">\n<div class=\"wp-block-button\"><a class=\"wp-block-button__link wp-element-button\" href=\"https:\/\/www.williamson-electronique.fr\/en\/product\/lithium-manganese-dioxide\/#configurateur\">Configurateur<\/a><\/div>\n<\/div>\n<\/div><\/div><\/div>\n<\/div>\n\n<div style=\"height:50px\" aria-hidden=\"true\" class=\"wp-block-spacer\"><\/div>\n\n<div id=\"block-hero-block_a09c64d72cc40dfb796b43f2c0efa043\" class=\"row  product_table_part \">\n            <div class=\"col-12 py-5\">\n            <h2 class=\"h2 blue large\">Datasheet des cellules fournisseurs<\/h2>\n        <\/div>\n            <div class=\"col-12 py-5\">\n            <div class=\"table_description\"><p>Cellules disponibles pour conception de packs batterie \u00e0 base de Li-SO2.<\/p>\n<\/div>\n        <\/div>\n            <div class=\"col-12\">\n        <ul class=\"nav nav-tabs\" role=\"tablist\">\n                        <li class=\"nav-item\" role=\"presentation\">\n                    <button class=\"nav-link btn bg-grey black  show active\" id=\"li-tab-block-hero-block_a09c64d72cc40dfb796b43f2c0efa0431\" data-bs-toggle=\"tab\" data-bs-target=\"#tab-block-hero-block_a09c64d72cc40dfb796b43f2c0efa0431\" type=\"button\" role=\"tab\" aria-controls=\"tab-block-hero-block_a09c64d72cc40dfb796b43f2c0efa0431\" aria-selected=\"true\">\n                    <img decoding=\"async\" src=\"https:\/\/www.williamson-electronique.fr\/wp-content\/uploads\/logo-saft.png\" alt=\"SAFT LOGO\">                    <\/button>\n            <\/li>\n                    <\/ul>\n        <div class=\"tab-content pt-5 \">\n                        <div class=\"tab-pane active\" id=\"tab-block-hero-block_a09c64d72cc40dfb796b43f2c0efa0431\" role=\"tabpanel\" aria-labelledby=\"li-tab-tab-block-hero-block_a09c64d72cc40dfb796b43f2c0efa0431\" tabindex=\"0\">\n                <div class=\"table-responsive\">\n                \n<table id=\"tablepress-33\" class=\"tablepress tablepress-id-33\">\n<thead>\n<tr class=\"row-1\">\n\t<th class=\"column-1\">Mod\u00e8le<\/th><th class=\"column-2\"><strong>Tension nominale<\/strong><\/th><th class=\"column-3\"><strong>Capacit\u00e9 nominale<\/strong><\/th><th class=\"column-4\"><strong>Capacit\u00e9 d&#8217;impulsion<\/strong><\/th><th class=\"column-5\"><strong>Diam\u00e8tre<\/strong><\/th><th class=\"column-6\"><strong>Hauteur<\/strong><\/th><th class=\"column-7\"><strong>Poids<\/strong><\/th><th class=\"column-8\"><strong>Plage de temp\u00e9ratures<\/strong><\/th>\n<\/tr>\n<\/thead>\n<tbody class=\"row-striping row-hover\">\n<tr class=\"row-2\">\n\t<td class=\"column-1\"><div style=\"position:relative;display:inline-block;\" id=\"pdf-lo25sx-container\"><a href=\"https:\/\/www.williamson-electronique.fr\/wp-content\/uploads\/LO-25-SX.pdf\" target=\"_blank\" title=\"LO 25 SX\" style=\"color:#1010c8;text-decoration:none;display:inline-flex;align-items:center;cursor:pointer;\" onmouseover=\"this.nextElementSibling.style.display='block'\" onmouseout=\"this.nextElementSibling.style.display='none'\"><img decoding=\"async\" src=\"https:\/\/www.williamson-electronique.fr\/wp-content\/uploads\/pdf_icon_black.png\" alt=\"PDF\" style=\"width:20px;height:20px;margin-right:8px;\"\/><strong>LO 25 SX<\/strong><\/a><div style=\"display:none;position:absolute;top:100%;margin-bottom:8px;left:0;z-index:999;border:1px solid #ccc;background:#fff;padding:5px;\"><img decoding=\"async\" src=\"https:\/\/www.williamson-electronique.fr\/wp-content\/uploads\/LO-25-SX-150x150.jpg\" alt=\"aper\u00e7u\" width=\"200\"\/><\/div><\/div><\/td><td class=\"column-2\">2.8 V<\/td><td class=\"column-3\">8 Ah<\/td><td class=\"column-4\">10 A<\/td><td class=\"column-5\">39.5 mm<\/td><td class=\"column-6\">50.3 mm<\/td><td class=\"column-7\">96 g<\/td><td class=\"column-8\">-60 \u00b0C \/ +70 \u00b0C<\/td>\n<\/tr>\n<tr class=\"row-3\">\n\t<td class=\"column-1\"><div style=\"position:relative;display:inline-block;\" id=\"pdf-lo26shx-container\"><a href=\"https:\/\/www.williamson-electronique.fr\/wp-content\/uploads\/LO-26-SHX.pdf\" target=\"_blank\" title=\"LO 26 SHX\" style=\"color:#1010c8;text-decoration:none;display:inline-flex;align-items:center;cursor:pointer;\" onmouseover=\"this.nextElementSibling.style.display='block'\" onmouseout=\"this.nextElementSibling.style.display='none'\"><img decoding=\"async\" src=\"https:\/\/www.williamson-electronique.fr\/wp-content\/uploads\/pdf_icon_black.png\" alt=\"PDF\" style=\"width:20px;height:20px;margin-right:8px;\"\/><strong>LO 26 SHX<\/strong><\/a><div style=\"display:none;position:absolute;top:100%;margin-bottom:8px;left:0;z-index:999;border:1px solid #ccc;background:#fff;padding:5px;\"><img decoding=\"async\" src=\"https:\/\/www.williamson-electronique.fr\/wp-content\/uploads\/LO-26-SHX-150x150.png\" alt=\"aper\u00e7u\" width=\"200\"\/><\/div><\/div><\/td><td class=\"column-2\">2.8 V<\/td><td class=\"column-3\">7.5 Ah<\/td><td class=\"column-4\">15 A<\/td><td class=\"column-5\">34.2 mm<\/td><td class=\"column-6\">59.3 mm<\/td><td class=\"column-7\">85 g<\/td><td class=\"column-8\">-60 \u00b0C \/ +70 \u00b0C<\/td>\n<\/tr>\n<tr class=\"row-4\">\n\t<td class=\"column-1\"><div style=\"position:relative;display:inline-block;\" id=\"pdf-lo26sx-container\"><a href=\"https:\/\/www.williamson-electronique.fr\/wp-content\/uploads\/LO-26-SX.pdf\" target=\"_blank\" title=\"LO 26 SX\" style=\"color:#1010c8;text-decoration:none;display:inline-flex;align-items:center;cursor:pointer;\" onmouseover=\"this.nextElementSibling.style.display='block'\" onmouseout=\"this.nextElementSibling.style.display='none'\"><img decoding=\"async\" src=\"https:\/\/www.williamson-electronique.fr\/wp-content\/uploads\/pdf_icon_black.png\" alt=\"PDF\" style=\"width:20px;height:20px;margin-right:8px;\"\/><strong>LO 26 SX<\/strong><\/a><div style=\"display:none;position:absolute;top:100%;margin-bottom:8px;left:0;z-index:999;border:1px solid #ccc;background:#fff;padding:5px;\"><img decoding=\"async\" src=\"https:\/\/www.williamson-electronique.fr\/wp-content\/uploads\/LO-26-SX-150x150.png\" alt=\"aper\u00e7u\" width=\"200\"\/><\/div><\/div><\/td><td class=\"column-2\">2.8 V<\/td><td class=\"column-3\">7.75 Ah<\/td><td class=\"column-4\">5 A<\/td><td class=\"column-5\">34.2 mm<\/td><td class=\"column-6\">59.3 mm<\/td><td class=\"column-7\">85 g<\/td><td class=\"column-8\">-60 \u00b0C \/ +70 \u00b0C<\/td>\n<\/tr>\n<tr class=\"row-5\">\n\t<td class=\"column-1\"><div style=\"position:relative;display:inline-block;\" id=\"pdf-lo26sxc-container\"><a href=\"https:\/\/www.williamson-electronique.fr\/wp-content\/uploads\/LO-26-SXC.pdf\" target=\"_blank\" title=\"LO 26 SXC\" style=\"color:#1010c8;text-decoration:none;display:inline-flex;align-items:center;cursor:pointer;\" onmouseover=\"this.nextElementSibling.style.display='block'\" onmouseout=\"this.nextElementSibling.style.display='none'\"><img decoding=\"async\" src=\"https:\/\/www.williamson-electronique.fr\/wp-content\/uploads\/pdf_icon_black.png\" alt=\"PDF\" style=\"width:20px;height:20px;margin-right:8px;\"\/><strong>LO 26 SXC<\/strong><\/a><div style=\"display:none;position:absolute;top:100%;margin-bottom:8px;left:0;z-index:999;border:1px solid #ccc;background:#fff;padding:5px;\"><img decoding=\"async\" src=\"https:\/\/www.williamson-electronique.fr\/wp-content\/uploads\/LO-26-SXC-150x150.png\" alt=\"aper\u00e7u\" width=\"200\"\/><\/div><\/div><\/td><td class=\"column-2\">2.8 V<\/td><td class=\"column-3\">9.2 Ah<\/td><td class=\"column-4\">10 A<\/td><td class=\"column-5\">34.2 mm<\/td><td class=\"column-6\">59.3 mm<\/td><td class=\"column-7\">85 g<\/td><td class=\"column-8\">-60 \u00b0C \/ +70 \u00b0C<\/td>\n<\/tr>\n<tr class=\"row-6\">\n\t<td class=\"column-1\"><div style=\"position:relative;display:inline-block;\" id=\"pdf-lo29shx-container\"><a href=\"https:\/\/www.williamson-electronique.fr\/wp-content\/uploads\/LO-29-SHX.pdf\" target=\"_blank\" title=\"LO 29 SHX\" style=\"color:#1010c8;text-decoration:none;display:inline-flex;align-items:center;cursor:pointer;\" onmouseover=\"this.nextElementSibling.style.display='block'\" onmouseout=\"this.nextElementSibling.style.display='none'\"><img decoding=\"async\" src=\"https:\/\/www.williamson-electronique.fr\/wp-content\/uploads\/pdf_icon_black.png\" alt=\"PDF\" style=\"width:20px;height:20px;margin-right:8px;\"\/><strong>LO 29 SHX<\/strong><\/a><div style=\"display:none;position:absolute;top:100%;margin-bottom:8px;left:0;z-index:999;border:1px solid #ccc;background:#fff;padding:5px;\"><img decoding=\"async\" src=\"https:\/\/www.williamson-electronique.fr\/wp-content\/uploads\/LO-29-SHX-150x150.png\" alt=\"aper\u00e7u\" width=\"200\"\/><\/div><\/div><\/td><td class=\"column-2\">2.8 V<\/td><td class=\"column-3\">3.75 Ah<\/td><td class=\"column-4\">6 A<\/td><td class=\"column-5\">25.6 mm<\/td><td class=\"column-6\">50.4 mm<\/td><td class=\"column-7\">40 g<\/td><td class=\"column-8\">-60 \u00b0C \/ +70 \u00b0C<\/td>\n<\/tr>\n<tr class=\"row-7\">\n\t<td class=\"column-1\"><div style=\"position:relative;display:inline-block;\" id=\"pdf-lo30shx-container\"><a href=\"https:\/\/www.williamson-electronique.fr\/wp-content\/uploads\/LO-30-SHX.pdf\" target=\"_blank\" title=\"LO 30 SHX\" style=\"color:#1010c8;text-decoration:none;display:inline-flex;align-items:center;cursor:pointer;\" onmouseover=\"this.nextElementSibling.style.display='block'\" onmouseout=\"this.nextElementSibling.style.display='none'\"><img decoding=\"async\" src=\"https:\/\/www.williamson-electronique.fr\/wp-content\/uploads\/pdf_icon_black.png\" alt=\"PDF\" style=\"width:20px;height:20px;margin-right:8px;\"\/><strong>LO 30 SHX<\/strong><\/a><div style=\"display:none;position:absolute;top:100%;margin-bottom:8px;left:0;z-index:999;border:1px solid #ccc;background:#fff;padding:5px;\"><img decoding=\"async\" src=\"https:\/\/www.williamson-electronique.fr\/wp-content\/uploads\/LO-30-SHX-150x150.png\" alt=\"aper\u00e7u\" width=\"200\"\/><\/div><\/div><\/td><td class=\"column-2\">2.8 V<\/td><td class=\"column-3\">5.75<\/td><td class=\"column-4\">10 A<\/td><td class=\"column-5\">29 mm<\/td><td class=\"column-6\">62.5 mm<\/td><td class=\"column-7\">63 g<\/td><td class=\"column-8\">-60 \u00b0C \/ +70 \u00b0C<\/td>\n<\/tr>\n<tr class=\"row-8\">\n\t<td class=\"column-1\"><div style=\"position:relative;display:inline-block;\" id=\"pdf-lo34sx-container\"><a href=\"https:\/\/www.williamson-electronique.fr\/wp-content\/uploads\/LO-34-SX.pdf\" target=\"_blank\" title=\"LO 34 SX\" style=\"color:#1010c8;text-decoration:none;display:inline-flex;align-items:center;cursor:pointer;\" onmouseover=\"this.nextElementSibling.style.display='block'\" onmouseout=\"this.nextElementSibling.style.display='none'\"><img decoding=\"async\" src=\"https:\/\/www.williamson-electronique.fr\/wp-content\/uploads\/pdf_icon_black.png\" alt=\"PDF\" style=\"width:20px;height:20px;margin-right:8px;\"\/><strong>LO 34 SX<\/strong><\/a><div style=\"display:none;position:absolute;top:100%;margin-bottom:8px;left:0;z-index:999;border:1px solid #ccc;background:#fff;padding:5px;\"><img decoding=\"async\" src=\"https:\/\/www.williamson-electronique.fr\/wp-content\/uploads\/LO-34-SX-150x150.png\" alt=\"aper\u00e7u\" width=\"200\"\/><\/div><\/div><\/td><td class=\"column-2\">2.8 V<\/td><td class=\"column-3\">1 Ah<\/td><td class=\"column-4\">1 A<\/td><td class=\"column-5\">25.6 mm<\/td><td class=\"column-6\">20.5 mm<\/td><td class=\"column-7\">16 g<\/td><td class=\"column-8\">-40 \u00b0C \/ +70 \u00b0C<\/td>\n<\/tr>\n<tr class=\"row-9\">\n\t<td class=\"column-1\"><div style=\"position:relative;display:inline-block;\" id=\"pdf-lo35sx-container\"><a href=\"https:\/\/www.williamson-electronique.fr\/wp-content\/uploads\/LO-35-SX.pdf\" target=\"_blank\" title=\"LO 35 SX\" style=\"color:#1010c8;text-decoration:none;display:inline-flex;align-items:center;cursor:pointer;\" onmouseover=\"this.nextElementSibling.style.display='block'\" onmouseout=\"this.nextElementSibling.style.display='none'\"><img decoding=\"async\" src=\"https:\/\/www.williamson-electronique.fr\/wp-content\/uploads\/pdf_icon_black.png\" alt=\"PDF\" style=\"width:20px;height:20px;margin-right:8px;\"\/><strong>LO 35 SX<\/strong><\/a><div style=\"display:none;position:absolute;top:100%;margin-bottom:8px;left:0;z-index:999;border:1px solid #ccc;background:#fff;padding:5px;\"><img decoding=\"async\" src=\"https:\/\/www.williamson-electronique.fr\/wp-content\/uploads\/LO-35-SX-150x150.png\" alt=\"aper\u00e7u\" width=\"200\"\/><\/div><\/div><\/td><td class=\"column-2\">2.8 V<\/td><td class=\"column-3\">2.2 Ah<\/td><td class=\"column-4\">5 A<\/td><td class=\"column-5\">25.9 mm<\/td><td class=\"column-6\">35.9 mm<\/td><td class=\"column-7\">30 g<\/td><td class=\"column-8\">-60 \u00b0C \/ +70 \u00b0C<\/td>\n<\/tr>\n<tr class=\"row-10\">\n\t<td class=\"column-1\"><div style=\"position:relative;display:inline-block;\" id=\"pdf-lo40sx-container\"><a href=\"https:\/\/www.williamson-electronique.fr\/wp-content\/uploads\/LO-40-SX.pdf\" target=\"_blank\" title=\"LO 40 SX\" style=\"color:#1010c8;text-decoration:none;display:inline-flex;align-items:center;cursor:pointer;\" onmouseover=\"this.nextElementSibling.style.display='block'\" onmouseout=\"this.nextElementSibling.style.display='none'\"><img decoding=\"async\" src=\"https:\/\/www.williamson-electronique.fr\/wp-content\/uploads\/pdf_icon_black.png\" alt=\"PDF\" style=\"width:20px;height:20px;margin-right:8px;\"\/><strong>LO 40 SX<\/strong><\/a><div style=\"display:none;position:absolute;top:100%;margin-bottom:8px;left:0;z-index:999;border:1px solid #ccc;background:#fff;padding:5px;\"><img decoding=\"async\" src=\"https:\/\/www.williamson-electronique.fr\/wp-content\/uploads\/LO-40-SX-150x150.png\" alt=\"aper\u00e7u\" width=\"200\"\/><\/div><\/div><\/td><td class=\"column-2\">2.8 V<\/td><td class=\"column-3\">3.5 Ah<\/td><td class=\"column-4\">5 A<\/td><td class=\"column-5\">29 mm<\/td><td class=\"column-6\">42.3 mm<\/td><td class=\"column-7\">40 g<\/td><td class=\"column-8\">-60 \u00b0C \/ +70 \u00b0C<\/td>\n<\/tr>\n<tr class=\"row-11\">\n\t<td class=\"column-1\"><div style=\"position:relative;display:inline-block;\" id=\"pdf-lo43shx-container\"><a href=\"https:\/\/www.williamson-electronique.fr\/wp-content\/uploads\/LO-43-SHX.pdf\" target=\"_blank\" title=\"LO 43 SHX\" style=\"color:#1010c8;text-decoration:none;display:inline-flex;align-items:center;cursor:pointer;\" onmouseover=\"this.nextElementSibling.style.display='block'\" onmouseout=\"this.nextElementSibling.style.display='none'\"><img decoding=\"async\" src=\"https:\/\/www.williamson-electronique.fr\/wp-content\/uploads\/pdf_icon_black.png\" alt=\"PDF\" style=\"width:20px;height:20px;margin-right:8px;\"\/><strong>LO 43 SHX<\/strong><\/a><div style=\"display:none;position:absolute;top:100%;margin-bottom:8px;left:0;z-index:999;border:1px solid #ccc;background:#fff;padding:5px;\"><img decoding=\"async\" src=\"https:\/\/www.williamson-electronique.fr\/wp-content\/uploads\/LO-43-SHX-150x150.png\" alt=\"aper\u00e7u\" width=\"200\"\/><\/div><\/div><\/td><td class=\"column-2\">2.8 V<\/td><td class=\"column-3\">5 Ah<\/td><td class=\"column-4\">10 A<\/td><td class=\"column-5\">26 mm<\/td><td class=\"column-6\">59.2 mm<\/td><td class=\"column-7\">53 g<\/td><td class=\"column-8\">-60 \u00b0C \/ +70 \u00b0C<\/td>\n<\/tr>\n<\/tbody>\n<\/table>\n<!-- #tablepress-33 from cache -->                <\/div>\n            <\/div>\n                <\/div>\n        <!-- Fen\u00eatre modale Bootstrap -->\n        <div class=\"modal fade\" id=\"thModal\" tabindex=\"-1\" aria-labelledby=\"thModalLabel\" aria-hidden=\"true\">\n            <div class=\"modal-dialog modal-dialog-centered modal-sm\">\n                <div class=\"modal-content\">\n                    <div class=\"modal-header\">\n                        <button type=\"button\" class=\"btn-close\" data-bs-dismiss=\"modal\" aria-label=\"Fermer\"><\/button>\n                    <\/div>\n                    <div class=\"modal-body\">\n                        <p id=\"thModalContent\" class=\"text-center\"><\/p>\n                    <\/div>\n                <\/div>\n            <\/div>\n        <\/div>\n\n<\/div>\n<div style=\"height:100px\" aria-hidden=\"true\" class=\"wp-block-spacer\"><\/div>\n\n<div id=\"block-hero-block_d454b6a7916def9ce31749a01e8d6599\" class=\"row  logos_part py-5\">\n            <div class=\"col-12\">\n            <h2 class=\"h2 blue mb-5 large\">Formulaire<\/h2>\n        <\/div>\n        <div class=\"col-12 \">\n        <div class=\"logo_slider\">\n                <\/div>\n    <\/div>\n<\/div>\n<div id=\"formulaire\" class=\"row  form_part\">\n    <div class=\"col-12 col-lg-10 offset-lg-1 col-xl-8 offset-xl-2\">\n        <div class=\"form_content bg-blue white\">\n                            <h3 class=\"h3 primaryFont white bold\">Contactez Williamson Electronique<\/h3>\n            <p class=\"wpcf7-contact-form-not-found\"><strong>Error:<\/strong> Contact form not found.<\/p>        <\/div>\n    <\/div>\n<\/div>\n<div class=\"row\"><div class=\"col-12 col-xl-10 offset-xl-1 paragraph\">\n<p><\/p>\n<\/div><\/div>","protected":false},"excerpt":{"rendered":"<p>Produits Williamson Electronique met \u00e0 votre disposition un catalogue de packs standards con\u00e7us pour diverses applications industrielles. Si l\u2019un de ces mod\u00e8les correspond \u00e0 vos besoins, vous pouvez consulter sa fiche technique (datasheet) et nous contacter pour plus d\u2019informations. Conception Williamson Electronique vous accompagne de l&#8217;\u00e9tablissement de votre cahier des charges au prototypage de votre [&hellip;]<\/p>\n","protected":false},"author":1,"featured_media":0,"template":"","meta":{"_acf_changed":false,"footnotes":""},"class_list":["post-5482","product","type-product","status-publish","hentry"],"acf":[],"_links":{"self":[{"href":"https:\/\/www.williamson-electronique.fr\/en\/wp-json\/wp\/v2\/product\/5482","targetHints":{"allow":["GET"]}}],"collection":[{"href":"https:\/\/www.williamson-electronique.fr\/en\/wp-json\/wp\/v2\/product"}],"about":[{"href":"https:\/\/www.williamson-electronique.fr\/en\/wp-json\/wp\/v2\/types\/product"}],"author":[{"embeddable":true,"href":"https:\/\/www.williamson-electronique.fr\/en\/wp-json\/wp\/v2\/users\/1"}],"version-history":[{"count":6,"href":"https:\/\/www.williamson-electronique.fr\/en\/wp-json\/wp\/v2\/product\/5482\/revisions"}],"predecessor-version":[{"id":6189,"href":"https:\/\/www.williamson-electronique.fr\/en\/wp-json\/wp\/v2\/product\/5482\/revisions\/6189"}],"wp:attachment":[{"href":"https:\/\/www.williamson-electronique.fr\/en\/wp-json\/wp\/v2\/media?parent=5482"}],"curies":[{"name":"wp","href":"https:\/\/api.w.org\/{rel}","templated":true}]}}