{"id":847,"date":"2024-11-20T11:50:29","date_gmt":"2024-11-20T10:50:29","guid":{"rendered":"https:\/\/www.williamson-electronique.fr\/product\/systemes-rechargeables\/"},"modified":"2025-07-15T17:05:28","modified_gmt":"2025-07-15T15:05:28","slug":"rechargeable-systems","status":"publish","type":"product","link":"https:\/\/www.williamson-electronique.fr\/en\/product\/rechargeable-systems\/","title":{"rendered":"Our rechargeable systems"},"content":{"rendered":"\n<div id=\"block-hero-block_88ad1025166c6b69d09a037f4761ea09\" class=\"row  intro_part my-5 py-5 \">\n    <div class=\"col-12 col-xl-8 offset-xl-2 col-lg-10 offset-lg-1\">\n        <h1 class=\"h2 blue xl normal mb-5 text-center\">Our rechargeable systems<\/h1>\n        <div class=\"desc blue text-center\"><p>Williamson Electronique designs and manufactures rechargeable batteries to your specifications, using Li-ion, NiCd, and NiMH. On this page you\u2019ll find the chemistries for which we have\u2014and can\u2014create custom packs to meet our clients\u2019 requirements.<\/p>\n<p>We are also proud to be the<strong> first French company certified by SAFT<\/strong> for assembling its lithium-ion cells. The WILPA products shown here demonstrate our expertise and our ability to design custom packs on client request.<\/p>\n<\/div>\n        \n    <\/div>\n<\/div>\n\n\n<div class=\"row\"><div class=\"col-12 col-xl-10 offset-xl-1  heading\">\n<h2 class=\"wp-block-heading\">Williamson Electronique<\/h2>\n<\/div><\/div>\n\n\n<div style=\"height:0px\" aria-hidden=\"true\" class=\"wp-block-spacer\"><\/div>\n\n\n\n<div id=\"block-hero-block_f4a902c41fbb074d639ba88aa4a5f391\" class=\"row  product_list_part \">\n            <div class=\"col-12 col-lg-4 p-3 \">\n            <a href=\"https:\/\/www.williamson-electronique.fr\/en\/product\/batteries-lithium-ion\/\" class=\" item\" style=\"background: url(https:\/\/www.williamson-electronique.fr\/wp-content\/uploads\/BATT-VALISE-FLOUTEE.jpg) no-repeat center \/ cover;\">\n                <div class=\"txt white\">\n                    <h2 class=\"p white medium semi-bold primaryFont\">Li-ion<\/h2>\n                    <p class=\"desc mb-3\">D\u00e9couvrez les \u00e9l\u00e9ments Wiliamson Electronique \u00e0 base de Lithium-ion (Li-ion), con\u00e7us et pr\u00eats \u00e0 \u00eatre fabriqu\u00e9s. Conception possible sur cahier des charges, \u00e0 partir des cellules fournisseur r\u00e9f\u00e9renc\u00e9es sur cette page.<\/p>\n                    <p>\n                        <span class=\"more\"><i class=\"icon arrow white\"><\/i><\/span>\n                    <\/p>\n                <\/div>\n            <\/a>\n        <\/div>\n                <div class=\"col-12 col-lg-4 p-3 \">\n            <a href=\"https:\/\/www.williamson-electronique.fr\/en\/product\/nickel-metal-hydride\/\" class=\" item\" style=\"background: url(https:\/\/www.williamson-electronique.fr\/wp-content\/uploads\/IMG_2366.jpg) no-repeat center \/ cover;\">\n                <div class=\"txt white\">\n                    <h2 class=\"p white medium semi-bold primaryFont\">NiMH<\/h2>\n                    <p class=\"desc mb-3\">Discover Williamson&#8217;s Nickel-Metal Hydride (NiMH) components, designed and ready for production. Custom design is possible based on specifications, using supplier cells listed on this page.<\/p>\n                    <p>\n                        <span class=\"more\"><i class=\"icon arrow white\"><\/i><\/span>\n                    <\/p>\n                <\/div>\n            <\/a>\n        <\/div>\n                <div class=\"col-12 col-lg-4 p-3 \">\n            <a href=\"https:\/\/www.williamson-electronique.fr\/en\/product\/nickel-cadmium\/\" class=\" item\" style=\"background: url(https:\/\/www.williamson-electronique.fr\/wp-content\/uploads\/IMG_2350.jpg) no-repeat center \/ cover;\">\n                <div class=\"txt white\">\n                    <h2 class=\"p white medium semi-bold primaryFont\">NiCd<\/h2>\n                    <p class=\"desc mb-3\">Discover Williamson&#8217;s Nickel-Cadmium (NiCd) components, designed and ready for production. Custom design is possible based on specifications, using supplier cells listed on this page.<\/p>\n                    <p>\n                        <span class=\"more\"><i class=\"icon arrow white\"><\/i><\/span>\n                    <\/p>\n                <\/div>\n            <\/a>\n        <\/div>\n        \n<\/div>\n\n\n<div style=\"height:100px\" aria-hidden=\"true\" class=\"wp-block-spacer\"><\/div>\n\n\n<div class=\"row\"><div class=\"col-12 col-xl-10 offset-xl-1  heading\">\n<h2 class=\"wp-block-heading\">Partners<\/h2>\n<\/div><\/div>\n\n<div class=\"row\"><div class=\"col-12 col-xl-10 offset-xl-1  heading\">\n<h3 class=\"wp-block-heading\">Designed by our partners<\/h3>\n<\/div><\/div>\n\n\n<div id=\"block-hero-block_714149e11f4d811b24aa1d7d9107da4f\" class=\"row  product_list_part \">\n            <div class=\"col-12 col-lg-4 p-3 offset-lg-2\">\n            <a href=\"https:\/\/www.williamson-electronique.fr\/en\/product\/lithium-iron-phosphate\/\" class=\" item\" style=\"background: url(https:\/\/www.williamson-electronique.fr\/wp-content\/uploads\/LiFePO4-Powertech.webp) no-repeat center \/ cover;\">\n                <div class=\"txt white\">\n                    <h2 class=\"p white medium semi-bold primaryFont\">LiFePO4<\/h2>\n                    <p class=\"desc mb-3\">D\u00e9couvrez les \u00e9l\u00e9ments de notre fournisseur PowerTech \u00e0 base de Lithium-Fer Phosphate (LiFePO4), retrouvez les datasheets des produits sur lesquels Williamson Electronique peut vous conseiller et vous accompagner.<\/p>\n                    <p>\n                        <span class=\"more\"><i class=\"icon arrow white\"><\/i><\/span>\n                    <\/p>\n                <\/div>\n            <\/a>\n        <\/div>\n                <div class=\"col-12 col-lg-4 p-3 \">\n            <a href=\"https:\/\/www.williamson-electronique.fr\/en\/product\/lead\/\" class=\" item\" style=\"background: url(https:\/\/www.williamson-electronique.fr\/wp-content\/uploads\/Plomb-Yuasa.webp) no-repeat center \/ cover;\">\n                <div class=\"txt white\">\n                    <h2 class=\"p white medium semi-bold primaryFont\">Pb<\/h2>\n                    <p class=\"desc mb-3\">D\u00e9couvrez les \u00e9l\u00e9ments de notre fournisseur Yuasa \u00e0 base de Plomb, retrouvez les datasheets des produits sur lesquels Williamson Electronique peut vous conseiller et vous accompagner.<\/p>\n                    <p>\n                        <span class=\"more\"><i class=\"icon arrow white\"><\/i><\/span>\n                    <\/p>\n                <\/div>\n            <\/a>\n        <\/div>\n        \n<\/div>\n\n\n<div style=\"height:50px\" aria-hidden=\"true\" class=\"wp-block-spacer\"><\/div>\n\n\n<div class=\"row\"><div class=\"col-12 col-xl-10 offset-xl-1  heading\">\n<h2 class=\"wp-block-heading\">Are you launching a project?<\/h2>\n<\/div><\/div>\n\n<div class=\"row\"><div class=\"col-12 col-xl-10 offset-xl-1  buttons\">\n<div class=\"wp-block-buttons is-layout-flex wp-block-buttons-is-layout-flex\">\n<div class=\"wp-block-button\"><a class=\"wp-block-button__link wp-element-button\" href=\"https:\/\/www.williamson-electronique.fr\/en\/design\/\">Design<\/a><\/div>\n<\/div>\n<\/div><\/div>\n\n\n<div style=\"height:100px\" aria-hidden=\"true\" class=\"wp-block-spacer\"><\/div>\n\n\n<div class=\"row\"><div class=\"col-12 col-xl-10 offset-xl-1 paragraph\">\n<p><\/p>\n<\/div><\/div>","protected":false},"excerpt":{"rendered":"<p>D\u00e9couvrez notre gamme de batteries et piles rechargeables, allant de packs con\u00e7us sur mesure selon vos besoins aux cellules simples   de certains de nos fournisseurs.<\/p>\n","protected":false},"author":1,"featured_media":4782,"template":"","meta":{"_acf_changed":false,"footnotes":""},"class_list":["post-847","product","type-product","status-publish","has-post-thumbnail","hentry"],"acf":[],"_links":{"self":[{"href":"https:\/\/www.williamson-electronique.fr\/en\/wp-json\/wp\/v2\/product\/847","targetHints":{"allow":["GET"]}}],"collection":[{"href":"https:\/\/www.williamson-electronique.fr\/en\/wp-json\/wp\/v2\/product"}],"about":[{"href":"https:\/\/www.williamson-electronique.fr\/en\/wp-json\/wp\/v2\/types\/product"}],"author":[{"embeddable":true,"href":"https:\/\/www.williamson-electronique.fr\/en\/wp-json\/wp\/v2\/users\/1"}],"version-history":[{"count":8,"href":"https:\/\/www.williamson-electronique.fr\/en\/wp-json\/wp\/v2\/product\/847\/revisions"}],"predecessor-version":[{"id":6248,"href":"https:\/\/www.williamson-electronique.fr\/en\/wp-json\/wp\/v2\/product\/847\/revisions\/6248"}],"wp:featuredmedia":[{"embeddable":true,"href":"https:\/\/www.williamson-electronique.fr\/en\/wp-json\/wp\/v2\/media\/4782"}],"wp:attachment":[{"href":"https:\/\/www.williamson-electronique.fr\/en\/wp-json\/wp\/v2\/media?parent=847"}],"curies":[{"name":"wp","href":"https:\/\/api.w.org\/{rel}","templated":true}]}}