{"id":853,"date":"2024-11-20T11:50:41","date_gmt":"2024-11-20T10:50:41","guid":{"rendered":"https:\/\/www.williamson-electronique.fr\/product\/non-rechargeable-systems\/"},"modified":"2025-07-16T11:29:59","modified_gmt":"2025-07-16T09:29:59","slug":"non-rechargeable-systems","status":"publish","type":"product","link":"https:\/\/www.williamson-electronique.fr\/en\/product\/non-rechargeable-systems\/","title":{"rendered":"Our non-rechargeable systems"},"content":{"rendered":"\n<div id=\"block-hero-block_0896846030cd15399d2ff108fc02de48\" class=\"row  intro_part my-5 py-5 \">\n    <div class=\"col-12 col-xl-8 offset-xl-2 col-lg-10 offset-lg-1\">\n        <h1 class=\"h2 blue xl normal mb-5 text-center\">Our non-rechargeable systems<\/h1>\n        <div class=\"desc blue text-center\"><p>Williamson Electronique designs and manufactures non-rechargeable battery packs based on three complementary types of primary lithium. Our expertise enables us to cover a wide range of applications and meet specific requirements in terms of power, autonomy, and temperature range.<\/p>\n<p>Some lithium batteries comply with <strong>IEC 60079-11<\/strong>: intrinsic safety for explosive-atmosphere applications (ATEX).<\/p>\n<\/div>\n        \n    <\/div>\n<\/div>\n\n\n\n<div style=\"height:100px\" aria-hidden=\"true\" class=\"wp-block-spacer\"><\/div>\n\n\n<div class=\"row\"><div class=\"col-12 col-xl-10 offset-xl-1  heading\">\n<h2 class=\"wp-block-heading\">Non-rechargeable products<\/h2>\n<\/div><\/div>\n\n\n<div style=\"height:20px\" aria-hidden=\"true\" class=\"wp-block-spacer\"><\/div>\n\n\n<div class=\"row\"><div class=\"col-12 col-xl-10 offset-xl-1  heading\">\n<h4 class=\"wp-block-heading\">Designed by Williamson Electronique<\/h4>\n<\/div><\/div>\n\n\n<div style=\"height:30px\" aria-hidden=\"true\" class=\"wp-block-spacer\"><\/div>\n\n\n\n<div id=\"block-hero-block_a96da583b3c872c2fee2a3c1adcc0eac\" class=\"row  product_list_part \">\n            <div class=\"col-12 col-lg-4 p-3 \">\n            <a href=\"https:\/\/www.williamson-electronique.fr\/en\/product\/lithium-thionyl-chloride\/\" class=\" item\" style=\"background: url(https:\/\/www.williamson-electronique.fr\/wp-content\/uploads\/Li-SOCl2-Saft.jpg) no-repeat center \/ cover;\">\n                <div class=\"txt white\">\n                    <h2 class=\"p white medium semi-bold primaryFont\">Li-SOCl2<\/h2>\n                    <p class=\"desc mb-3\">D\u00e9couvrez les \u00e9l\u00e9ments Williamson Electronique \u00e0 base de Lithium-Chlorure de Thionyle (Li-SOCl2), con\u00e7us et pr\u00eats \u00e0 \u00eatre fabriqu\u00e9s. Conception possible sur cahier des charges, \u00e0 partir des cellules fournisseur r\u00e9f\u00e9renc\u00e9es sur cette page.<\/p>\n                    <p>\n                        <span class=\"more\"><i class=\"icon arrow white\"><\/i><\/span>\n                    <\/p>\n                <\/div>\n            <\/a>\n        <\/div>\n                <div class=\"col-12 col-lg-4 p-3 \">\n            <a href=\"https:\/\/www.williamson-electronique.fr\/en\/product\/lithium-manganese-dioxide\/\" class=\" item\" style=\"background: url(https:\/\/www.williamson-electronique.fr\/wp-content\/uploads\/Li-MnO2-Saft.jpg) no-repeat center \/ cover;\">\n                <div class=\"txt white\">\n                    <h2 class=\"p white medium semi-bold primaryFont\">Li-MnO2<\/h2>\n                    <p class=\"desc mb-3\">D\u00e9couvrez les \u00e9l\u00e9ments Williamson Electronique \u00e0 base de Lithium-Dioxyde de Mangan\u00e8se (Li-MnO2), con\u00e7us et pr\u00eats \u00e0 \u00eatre fabriqu\u00e9s. Conception possible sur cahier des charges, \u00e0 partir des cellules fournisseur r\u00e9f\u00e9renc\u00e9es sur cette page.<\/p>\n                    <p>\n                        <span class=\"more\"><i class=\"icon arrow white\"><\/i><\/span>\n                    <\/p>\n                <\/div>\n            <\/a>\n        <\/div>\n                <div class=\"col-12 col-lg-4 p-3 \">\n            <a href=\"https:\/\/www.williamson-electronique.fr\/en\/product\/lithium-dioxyde-de-soufre\/\" class=\" item\" style=\"background: url(https:\/\/www.williamson-electronique.fr\/wp-content\/uploads\/li-so2-SAFT.jpg) no-repeat center \/ cover;\">\n                <div class=\"txt white\">\n                    <h2 class=\"p white medium semi-bold primaryFont\">Li-SO2<\/h2>\n                    <p class=\"desc mb-3\">D\u00e9couvrez les \u00e9l\u00e9ments Williamson Electronique \u00e0 base de Lithium-Dioxyde de Soufre (Li-SO2), con\u00e7us et pr\u00eats \u00e0 \u00eatre fabriqu\u00e9s. Conception possible sur cahier des charges, \u00e0 partir des cellules fournisseur r\u00e9f\u00e9renc\u00e9es sur cette page.<\/p>\n                    <p>\n                        <span class=\"more\"><i class=\"icon arrow white\"><\/i><\/span>\n                    <\/p>\n                <\/div>\n            <\/a>\n        <\/div>\n        \n<\/div>\n\n\n<div style=\"height:25px\" aria-hidden=\"true\" class=\"wp-block-spacer\"><\/div>\n\n\n\n<\/div>\n<div class=\"container-fluid bg-grey media_txt_part\">\n    <div class=\"container media_txt_container\">\n        <div id=\"block-hero-block_dac833ef7cc075828906bb85e9e2c97e\" class=\"row medialeft block-hero\">\n\t<div class=\"col-12 col-md-5 col-lg-7 order-1 justify-content-center justify-content-md-start d-flex align-items-center\">\n\t\t<div><img decoding=\"async\" src=\"https:\/\/www.williamson-electronique.fr\/wp-content\/uploads\/alarme-tyxal-plus-xl-187.jpeg\" alt=\"\" class=\"img-fluid\"><\/div>\t<\/div>\n\t<div class=\"col-12 col-md-7 col-lg-5 d-flex align-items-lg-center order-2 \">\n        <div class=\" content content_normal\">\n\t\t<p>D\u00e9couvrez les datasheets des batteries revendues pour les appareils de la gamme Tyxal +, et certifi\u00e9s d&#8217;origine par Delta Dore :<\/p>\n\t\t            <p class=\"link_p\">\n\t\t\t<a class=\"mt-4 btn bg-blue white\" href=\"https:\/\/www.williamson-electronique.fr\/en\/activity\/home-automation\/#datasheets\" target=\"_self\">\n            Voir les datasheets\t\t\t<\/a>\n            <\/p>\n\t\t        <\/div>\n\t<\/div>\n<\/div>\n    <\/div>\n<\/div>\n<div class=\"container\">\n\n\n\n\n\n<div style=\"height:100px\" aria-hidden=\"true\" class=\"wp-block-spacer\"><\/div>\n\n\n<div class=\"row\"><div class=\"col-12 col-xl-10 offset-xl-1  heading\">\n<h2 class=\"wp-block-heading\">Are you launching a project?<\/h2>\n<\/div><\/div>\n\n\n<div style=\"height:10px\" aria-hidden=\"true\" class=\"wp-block-spacer\"><\/div>\n\n\n<div class=\"row\"><div class=\"col-12 col-xl-10 offset-xl-1  buttons\">\n<div class=\"wp-block-buttons is-layout-flex wp-block-buttons-is-layout-flex\">\n<div class=\"wp-block-button\"><a class=\"wp-block-button__link wp-element-button\" href=\"https:\/\/www.williamson-electronique.fr\/en\/contact\/\">Discover our design services<\/a><\/div>\n<\/div>\n<\/div><\/div>\n\n\n<div style=\"height:100px\" aria-hidden=\"true\" class=\"wp-block-spacer\"><\/div>\n\n\n\n<div id=\"block-hero-block_6378bd41a01f1e3104eef89089f17df7\" class=\"row  logos_part py-5\">\n            <div class=\"col-12\">\n            <h2 class=\"h2 blue mb-5 large\">Our suppliers<\/h2>\n        <\/div>\n        <div class=\"col-12 \">\n        <div class=\"logo_slider\">\n                        <div class=\"item\">\n                    <img decoding=\"async\" src=\"https:\/\/www.williamson-electronique.fr\/wp-content\/uploads\/logo-saft.png\" alt=\"\" class=\"img-fluid\">\n                <\/div>\n                            <div class=\"item\">\n                    <img decoding=\"async\" src=\"https:\/\/www.williamson-electronique.fr\/wp-content\/uploads\/logo-panasonic-1.png\" alt=\"\" class=\"img-fluid\">\n                <\/div>\n                            <div class=\"item\">\n                    <img decoding=\"async\" src=\"https:\/\/www.williamson-electronique.fr\/wp-content\/uploads\/LG-CHEM-LOGO.png\" alt=\"\" class=\"img-fluid\">\n                <\/div>\n                            <div class=\"item\">\n                    <img decoding=\"async\" src=\"https:\/\/www.williamson-electronique.fr\/wp-content\/uploads\/PowerTech.png\" alt=\"\" class=\"img-fluid\">\n                <\/div>\n                            <div class=\"item\">\n                    <img decoding=\"async\" src=\"https:\/\/www.williamson-electronique.fr\/wp-content\/uploads\/logo-yuasa-1.png\" alt=\"\" class=\"img-fluid\">\n                <\/div>\n                    <\/div>\n    <\/div>\n<\/div>\n","protected":false},"excerpt":{"rendered":"<p>Non-rechargeable products Designed by Williamson Electronique Are you launching a project?<\/p>\n","protected":false},"author":1,"featured_media":0,"template":"","meta":{"_acf_changed":false,"footnotes":""},"class_list":["post-853","product","type-product","status-publish","hentry"],"acf":[],"_links":{"self":[{"href":"https:\/\/www.williamson-electronique.fr\/en\/wp-json\/wp\/v2\/product\/853","targetHints":{"allow":["GET"]}}],"collection":[{"href":"https:\/\/www.williamson-electronique.fr\/en\/wp-json\/wp\/v2\/product"}],"about":[{"href":"https:\/\/www.williamson-electronique.fr\/en\/wp-json\/wp\/v2\/types\/product"}],"author":[{"embeddable":true,"href":"https:\/\/www.williamson-electronique.fr\/en\/wp-json\/wp\/v2\/users\/1"}],"version-history":[{"count":3,"href":"https:\/\/www.williamson-electronique.fr\/en\/wp-json\/wp\/v2\/product\/853\/revisions"}],"predecessor-version":[{"id":6385,"href":"https:\/\/www.williamson-electronique.fr\/en\/wp-json\/wp\/v2\/product\/853\/revisions\/6385"}],"wp:attachment":[{"href":"https:\/\/www.williamson-electronique.fr\/en\/wp-json\/wp\/v2\/media?parent=853"}],"curies":[{"name":"wp","href":"https:\/\/api.w.org\/{rel}","templated":true}]}}